{"id":2991,"date":"2025-11-17T12:41:32","date_gmt":"2025-11-17T11:41:32","guid":{"rendered":"https:\/\/www.hoteldafine.it\/prenotazione-traghetto-elba\/"},"modified":"2026-02-09T15:17:14","modified_gmt":"2026-02-09T14:17:14","slug":"faehrbuchung-elba","status":"publish","type":"page","link":"https:\/\/www.hoteldafine.it\/de\/faehrbuchung-elba\/","title":{"rendered":"F\u00e4hrbuchung Insel Elba"},"content":{"rendered":"\t\t<div data-elementor-type=\"wp-page\" data-elementor-id=\"2991\" class=\"elementor elementor-2991 elementor-1576\">\n\t\t\t\t<div class=\"elementor-element elementor-element-18ae11b e-con-full e-flex e-con e-parent\" data-id=\"18ae11b\" data-element_type=\"container\" data-e-type=\"container\" data-settings=\"{&quot;background_background&quot;:&quot;classic&quot;}\">\n\t\t\t\t<div class=\"elementor-element elementor-element-5d16e6a elementor-widget elementor-widget-spacer\" data-id=\"5d16e6a\" data-element_type=\"widget\" data-e-type=\"widget\" data-widget_type=\"spacer.default\">\n\t\t\t\t\t\t\t<div class=\"elementor-spacer\">\n\t\t\t<div class=\"elementor-spacer-inner\"><\/div>\n\t\t<\/div>\n\t\t\t\t\t\t<\/div>\n\t\t\t\t<\/div>\n\t\t<div class=\"elementor-element elementor-element-7077da5 e-flex e-con-boxed e-con e-parent\" data-id=\"7077da5\" data-element_type=\"container\" data-e-type=\"container\">\n\t\t\t\t\t<div class=\"e-con-inner\">\n\t\t<div class=\"elementor-element elementor-element-8ec311a e-con-full e-flex e-con e-child\" data-id=\"8ec311a\" data-element_type=\"container\" data-e-type=\"container\">\n\t\t\t\t<div class=\"elementor-element elementor-element-b5cc805 elementor-widget elementor-widget-rixos-sec-title\" data-id=\"b5cc805\" data-element_type=\"widget\" data-e-type=\"widget\" data-widget_type=\"rixos-sec-title.default\">\n\t\t\t\t<div class=\"elementor-widget-container\">\n\t\t\t\t\t\t\t<div class=\"clear\">\n\t\t\t\t\t\t<div class=\"section-subtitle\">Insel Elba<\/div>\n\t\t\t\t\t\t            <h6 class=\"section-title black\">F\u00e4hrbuchung<\/h6>\n\t\t\t        <\/div>\n\t\t\t\t\t\t<\/div>\n\t\t\t\t<\/div>\n\t\t\t\t<div class=\"elementor-element elementor-element-5031016 elementor-widget elementor-widget-html\" data-id=\"5031016\" data-element_type=\"widget\" data-e-type=\"widget\" data-widget_type=\"html.default\">\n\t\t\t\t\t<div style=\"margin: 0 auto;\"><iframe style=\"border: none; filter:drop-shadow(0px 3px 10px rgba(0,0,0,.2));\" src=\"https:\/\/blunavytraghetti.com\/de\/hotel\/hotel-da-fine\/\/?iframe=banner\" width=\"100%\" height=\"100%\" allowtransparency=\"true\" class=\"blunavyembed\"><\/iframe><script src=\"https:\/\/blunavytraghetti.com\/wp-content\/themes\/cosmo\/assets\/js\/iframe\/embed.js\"><\/script><span style=\" font-family: sans-serif; color: #292C7E; font-size: 14px; padding-top: 10px;display: flex; align-items:center; justify-content:center; flex-wrap: wrap; gap: 10px; vertical-gap: 10px; \">Ein F\u00e4hrdienst zur Insel Elba, angeboten von <a style=\"font-family: sans-serif; color: #292C7E; font-size: 14px; text-decoration: none;\" href=\"https:\/\/blunavytraghetti.com\/de\/?utm_source=snippet-embed\">Blunavytraghetti.com<\/a> <a href=\"https:\/\/blunavytraghetti.com\/de\/?utm_source=snippet-embed\"><img decoding=\"async\" style=\"width: 80px;\" src=\"https:\/\/blunavytraghetti.com\/wp-content\/themes\/cosmo\/assets\/images\/logo-blunavy-traghetti.png\" alt=\"Logo BluNavy traghetti Elba\"\/><\/a><\/span><\/div>\t\t\t\t<\/div>\n\t\t\t\t<\/div>\n\t\t\t\t\t<\/div>\n\t\t\t\t<\/div>\n\t\t<div class=\"elementor-element elementor-element-55350779 e-flex e-con-boxed e-con e-parent\" data-id=\"55350779\" data-element_type=\"container\" data-e-type=\"container\">\n\t\t\t\t\t<div class=\"e-con-inner\">\n\t\t<div class=\"elementor-element elementor-element-3b9dca5a e-flex e-con-boxed e-con e-child\" data-id=\"3b9dca5a\" data-element_type=\"container\" data-e-type=\"container\" data-settings=\"{&quot;background_background&quot;:&quot;classic&quot;}\">\n\t\t\t\t\t<div class=\"e-con-inner\">\n\t\t\t\t<div class=\"elementor-element elementor-element-48bcdaef elementor-widget elementor-widget-rixos-sec-title\" data-id=\"48bcdaef\" data-element_type=\"widget\" data-e-type=\"widget\" data-widget_type=\"rixos-sec-title.default\">\n\t\t\t\t<div class=\"elementor-widget-container\">\n\t\t\t\t\t\t\t<div class=\"clear\">\n\t\t\t\t\t\t            <h6 class=\"section-title black\">Andere Versandunternehmen<\/h6>\n\t\t\t        <\/div>\n\t\t\t\t\t\t<\/div>\n\t\t\t\t<\/div>\n\t\t\t\t<div class=\"elementor-element elementor-element-2538a919 elementor-widget elementor-widget-text-editor\" data-id=\"2538a919\" data-element_type=\"widget\" data-e-type=\"widget\" data-widget_type=\"text-editor.default\">\n\t\t\t\t\t\t\t\t\t<p>Falls Sie noch nicht die passende F\u00e4hre gefunden haben, versuchen Sie es mit einem alternativen Buchungssystem, das auch andere Reedereien wie Moby und Toremar umfasst. Klicken Sie unten auf die Schaltfl\u00e4che, um fortzufahren.<\/p>\t\t\t\t\t\t\t\t<\/div>\n\t\t\t\t<div class=\"elementor-element elementor-element-12d13f68 elementor-widget elementor-widget-rixos-button\" data-id=\"12d13f68\" data-element_type=\"widget\" data-e-type=\"widget\" data-widget_type=\"rixos-button.default\">\n\t\t\t\t<div class=\"elementor-widget-container\">\n\t\t\t\t\t        \n\t\t<div class=\"sec-button  clear\">\n\t\t\t\t\t\t<a class=\"button-3 rx-icon-left \" href=\"\/de\/faehrbuchung-elba\/traghettilines\/\">\n\t\t\t\t\t\t\t\t\t\n\t\t\t\t<i class=\"fa fa-ferry\"><\/i>\n\t\t\t\t\n\t\t\tFortsetzung \n\t\t\t\t\t\t<\/a>\n\t\t\t\t\t\t\t\t\t\n\t\t<\/div>\t\t\n        \t\t\t\t<\/div>\n\t\t\t\t<\/div>\n\t\t\t\t\t<\/div>\n\t\t\t\t<\/div>\n\t\t\t\t\t<\/div>\n\t\t\t\t<\/div>\n\t\t\t\t<\/div>\n\t\t","protected":false},"excerpt":{"rendered":"<p>Insel Elba F\u00e4hrbuchung Ein F\u00e4hrdienst zur Insel Elba, angeboten von Blunavytraghetti.com Andere Versandunternehmen Falls Sie noch nicht die passende F\u00e4hre gefunden haben, versuchen Sie es mit einem alternativen Buchungssystem, das auch andere Reedereien wie Moby und Toremar umfasst. Klicken Sie unten auf die Schaltfl\u00e4che, um fortzufahren. Fortsetzung<\/p>\n","protected":false},"author":1,"featured_media":0,"parent":0,"menu_order":13,"comment_status":"closed","ping_status":"closed","template":"","meta":{"footnotes":"","_links_to":"","_links_to_target":""},"class_list":["post-2991","page","type-page","status-publish","hentry"],"yoast_head":"<!-- This site is optimized with the Yoast SEO plugin v27.1.1 - https:\/\/yoast.com\/product\/yoast-seo-wordpress\/ -->\n<title>F\u00e4hrbuchung Insel Elba - Hotel da Fine - Seccheto, Insel Elba<\/title>\n<meta name=\"robots\" content=\"index, follow, max-snippet:-1, max-image-preview:large, max-video-preview:-1\" \/>\n<link rel=\"canonical\" href=\"https:\/\/www.hoteldafine.it\/de\/faehrbuchung-elba\/\" \/>\n<meta property=\"og:locale\" content=\"de_DE\" \/>\n<meta property=\"og:type\" content=\"article\" \/>\n<meta property=\"og:title\" content=\"F\u00e4hrbuchung Insel Elba - Hotel da Fine - Seccheto, Insel Elba\" \/>\n<meta property=\"og:description\" content=\"Insel Elba F\u00e4hrbuchung Ein F\u00e4hrdienst zur Insel Elba, angeboten von Blunavytraghetti.com Andere Versandunternehmen Falls Sie noch nicht die passende F\u00e4hre gefunden haben, versuchen Sie es mit einem alternativen Buchungssystem, das auch andere Reedereien wie Moby und Toremar umfasst. Klicken Sie unten auf die Schaltfl\u00e4che, um fortzufahren. Fortsetzung\" \/>\n<meta property=\"og:url\" content=\"https:\/\/www.hoteldafine.it\/de\/faehrbuchung-elba\/\" \/>\n<meta property=\"og:site_name\" content=\"Hotel da Fine\" \/>\n<meta property=\"article:modified_time\" content=\"2026-02-09T14:17:14+00:00\" \/>\n<meta property=\"og:image\" content=\"https:\/\/blunavytraghetti.com\/wp-content\/themes\/cosmo\/assets\/images\/logo-blunavy-traghetti.png\" \/>\n<meta name=\"twitter:card\" content=\"summary_large_image\" \/>\n<script type=\"application\/ld+json\" class=\"yoast-schema-graph\">{\"@context\":\"https:\/\/schema.org\",\"@graph\":[{\"@type\":\"WebPage\",\"@id\":\"https:\/\/www.hoteldafine.it\/de\/faehrbuchung-elba\/\",\"url\":\"https:\/\/www.hoteldafine.it\/de\/faehrbuchung-elba\/\",\"name\":\"F\u00e4hrbuchung Insel Elba - Hotel da Fine - Seccheto, Insel Elba\",\"isPartOf\":{\"@id\":\"https:\/\/www.hoteldafine.it\/de\/#website\"},\"primaryImageOfPage\":{\"@id\":\"https:\/\/www.hoteldafine.it\/de\/faehrbuchung-elba\/#primaryimage\"},\"image\":{\"@id\":\"https:\/\/www.hoteldafine.it\/de\/faehrbuchung-elba\/#primaryimage\"},\"thumbnailUrl\":\"https:\/\/blunavytraghetti.com\/wp-content\/themes\/cosmo\/assets\/images\/logo-blunavy-traghetti.png\",\"datePublished\":\"2025-11-17T11:41:32+00:00\",\"dateModified\":\"2026-02-09T14:17:14+00:00\",\"breadcrumb\":{\"@id\":\"https:\/\/www.hoteldafine.it\/de\/faehrbuchung-elba\/#breadcrumb\"},\"inLanguage\":\"de\",\"potentialAction\":[{\"@type\":\"ReadAction\",\"target\":[\"https:\/\/www.hoteldafine.it\/de\/faehrbuchung-elba\/\"]}]},{\"@type\":\"ImageObject\",\"inLanguage\":\"de\",\"@id\":\"https:\/\/www.hoteldafine.it\/de\/faehrbuchung-elba\/#primaryimage\",\"url\":\"https:\/\/blunavytraghetti.com\/wp-content\/themes\/cosmo\/assets\/images\/logo-blunavy-traghetti.png\",\"contentUrl\":\"https:\/\/blunavytraghetti.com\/wp-content\/themes\/cosmo\/assets\/images\/logo-blunavy-traghetti.png\"},{\"@type\":\"BreadcrumbList\",\"@id\":\"https:\/\/www.hoteldafine.it\/de\/faehrbuchung-elba\/#breadcrumb\",\"itemListElement\":[{\"@type\":\"ListItem\",\"position\":1,\"name\":\"Home\",\"item\":\"https:\/\/www.hoteldafine.it\/de\/\"},{\"@type\":\"ListItem\",\"position\":2,\"name\":\"F\u00e4hrbuchung Insel Elba\"}]},{\"@type\":\"WebSite\",\"@id\":\"https:\/\/www.hoteldafine.it\/de\/#website\",\"url\":\"https:\/\/www.hoteldafine.it\/de\/\",\"name\":\"Hotel da Fine\",\"description\":\"Seccheto, Insel Elba\",\"publisher\":{\"@id\":\"https:\/\/www.hoteldafine.it\/de\/#organization\"},\"potentialAction\":[{\"@type\":\"SearchAction\",\"target\":{\"@type\":\"EntryPoint\",\"urlTemplate\":\"https:\/\/www.hoteldafine.it\/de\/?s={search_term_string}\"},\"query-input\":{\"@type\":\"PropertyValueSpecification\",\"valueRequired\":true,\"valueName\":\"search_term_string\"}}],\"inLanguage\":\"de\"},{\"@type\":\"Organization\",\"@id\":\"https:\/\/www.hoteldafine.it\/de\/#organization\",\"name\":\"Hotel da Fine\",\"url\":\"https:\/\/www.hoteldafine.it\/de\/\",\"logo\":{\"@type\":\"ImageObject\",\"inLanguage\":\"de\",\"@id\":\"https:\/\/www.hoteldafine.it\/de\/#\/schema\/logo\/image\/\",\"url\":\"https:\/\/www.hoteldafine.it\/wp-content\/uploads\/hotel_da_fine.png\",\"contentUrl\":\"https:\/\/www.hoteldafine.it\/wp-content\/uploads\/hotel_da_fine.png\",\"width\":800,\"height\":478,\"caption\":\"Hotel da Fine\"},\"image\":{\"@id\":\"https:\/\/www.hoteldafine.it\/de\/#\/schema\/logo\/image\/\"}}]}<\/script>\n<!-- \/ Yoast SEO plugin. -->","yoast_head_json":{"title":"F\u00e4hrbuchung Insel Elba - Hotel da Fine - Seccheto, Insel Elba","robots":{"index":"index","follow":"follow","max-snippet":"max-snippet:-1","max-image-preview":"max-image-preview:large","max-video-preview":"max-video-preview:-1"},"canonical":"https:\/\/www.hoteldafine.it\/de\/faehrbuchung-elba\/","og_locale":"de_DE","og_type":"article","og_title":"F\u00e4hrbuchung Insel Elba - Hotel da Fine - Seccheto, Insel Elba","og_description":"Insel Elba F\u00e4hrbuchung Ein F\u00e4hrdienst zur Insel Elba, angeboten von Blunavytraghetti.com Andere Versandunternehmen Falls Sie noch nicht die passende F\u00e4hre gefunden haben, versuchen Sie es mit einem alternativen Buchungssystem, das auch andere Reedereien wie Moby und Toremar umfasst. Klicken Sie unten auf die Schaltfl\u00e4che, um fortzufahren. Fortsetzung","og_url":"https:\/\/www.hoteldafine.it\/de\/faehrbuchung-elba\/","og_site_name":"Hotel da Fine","article_modified_time":"2026-02-09T14:17:14+00:00","og_image":[{"url":"https:\/\/blunavytraghetti.com\/wp-content\/themes\/cosmo\/assets\/images\/logo-blunavy-traghetti.png","type":"","width":"","height":""}],"twitter_card":"summary_large_image","schema":{"@context":"https:\/\/schema.org","@graph":[{"@type":"WebPage","@id":"https:\/\/www.hoteldafine.it\/de\/faehrbuchung-elba\/","url":"https:\/\/www.hoteldafine.it\/de\/faehrbuchung-elba\/","name":"F\u00e4hrbuchung Insel Elba - Hotel da Fine - Seccheto, Insel Elba","isPartOf":{"@id":"https:\/\/www.hoteldafine.it\/de\/#website"},"primaryImageOfPage":{"@id":"https:\/\/www.hoteldafine.it\/de\/faehrbuchung-elba\/#primaryimage"},"image":{"@id":"https:\/\/www.hoteldafine.it\/de\/faehrbuchung-elba\/#primaryimage"},"thumbnailUrl":"https:\/\/blunavytraghetti.com\/wp-content\/themes\/cosmo\/assets\/images\/logo-blunavy-traghetti.png","datePublished":"2025-11-17T11:41:32+00:00","dateModified":"2026-02-09T14:17:14+00:00","breadcrumb":{"@id":"https:\/\/www.hoteldafine.it\/de\/faehrbuchung-elba\/#breadcrumb"},"inLanguage":"de","potentialAction":[{"@type":"ReadAction","target":["https:\/\/www.hoteldafine.it\/de\/faehrbuchung-elba\/"]}]},{"@type":"ImageObject","inLanguage":"de","@id":"https:\/\/www.hoteldafine.it\/de\/faehrbuchung-elba\/#primaryimage","url":"https:\/\/blunavytraghetti.com\/wp-content\/themes\/cosmo\/assets\/images\/logo-blunavy-traghetti.png","contentUrl":"https:\/\/blunavytraghetti.com\/wp-content\/themes\/cosmo\/assets\/images\/logo-blunavy-traghetti.png"},{"@type":"BreadcrumbList","@id":"https:\/\/www.hoteldafine.it\/de\/faehrbuchung-elba\/#breadcrumb","itemListElement":[{"@type":"ListItem","position":1,"name":"Home","item":"https:\/\/www.hoteldafine.it\/de\/"},{"@type":"ListItem","position":2,"name":"F\u00e4hrbuchung Insel Elba"}]},{"@type":"WebSite","@id":"https:\/\/www.hoteldafine.it\/de\/#website","url":"https:\/\/www.hoteldafine.it\/de\/","name":"Hotel da Fine","description":"Seccheto, Insel Elba","publisher":{"@id":"https:\/\/www.hoteldafine.it\/de\/#organization"},"potentialAction":[{"@type":"SearchAction","target":{"@type":"EntryPoint","urlTemplate":"https:\/\/www.hoteldafine.it\/de\/?s={search_term_string}"},"query-input":{"@type":"PropertyValueSpecification","valueRequired":true,"valueName":"search_term_string"}}],"inLanguage":"de"},{"@type":"Organization","@id":"https:\/\/www.hoteldafine.it\/de\/#organization","name":"Hotel da Fine","url":"https:\/\/www.hoteldafine.it\/de\/","logo":{"@type":"ImageObject","inLanguage":"de","@id":"https:\/\/www.hoteldafine.it\/de\/#\/schema\/logo\/image\/","url":"https:\/\/www.hoteldafine.it\/wp-content\/uploads\/hotel_da_fine.png","contentUrl":"https:\/\/www.hoteldafine.it\/wp-content\/uploads\/hotel_da_fine.png","width":800,"height":478,"caption":"Hotel da Fine"},"image":{"@id":"https:\/\/www.hoteldafine.it\/de\/#\/schema\/logo\/image\/"}}]}},"_links":{"self":[{"href":"https:\/\/www.hoteldafine.it\/de\/wp-json\/wp\/v2\/pages\/2991","targetHints":{"allow":["GET"]}}],"collection":[{"href":"https:\/\/www.hoteldafine.it\/de\/wp-json\/wp\/v2\/pages"}],"about":[{"href":"https:\/\/www.hoteldafine.it\/de\/wp-json\/wp\/v2\/types\/page"}],"author":[{"embeddable":true,"href":"https:\/\/www.hoteldafine.it\/de\/wp-json\/wp\/v2\/users\/1"}],"replies":[{"embeddable":true,"href":"https:\/\/www.hoteldafine.it\/de\/wp-json\/wp\/v2\/comments?post=2991"}],"version-history":[{"count":4,"href":"https:\/\/www.hoteldafine.it\/de\/wp-json\/wp\/v2\/pages\/2991\/revisions"}],"predecessor-version":[{"id":2995,"href":"https:\/\/www.hoteldafine.it\/de\/wp-json\/wp\/v2\/pages\/2991\/revisions\/2995"}],"wp:attachment":[{"href":"https:\/\/www.hoteldafine.it\/de\/wp-json\/wp\/v2\/media?parent=2991"}],"curies":[{"name":"wp","href":"https:\/\/api.w.org\/{rel}","templated":true}]}}